{"id":2674,"date":"2026-04-03T19:41:36","date_gmt":"2026-04-03T17:41:36","guid":{"rendered":"https:\/\/skola.hvarlocalguide.com\/?post_type=product&#038;p=2674"},"modified":"2026-04-09T16:54:51","modified_gmt":"2026-04-09T14:54:51","slug":"olivo-posuda-25cm","status":"publish","type":"product","link":"https:\/\/skola.hvarlocalguide.com\/en\/product\/olivo-posuda-25cm\/","title":{"rendered":"Olivo posuda 25cm"},"content":{"rendered":"<p><strong>Olivo posuda 25 cm<\/strong> donosi spoj funkcionalnosti i mediteranske estetike u jednom profinjenom komadu. Izra\u0111ena od kvalitetne keramike s glatkom, izdr\u017eljivom zavr\u0161nom obradom, ova posuda idealna je za svakodnevnu upotrebu, ali i za posebne prilike kada \u017eelite da stol izgleda elegantno i prirodno.<\/p>\n<p>Njezine mekane, organske linije inspirirane su oblikom masline, \u0161to je \u010dini savr\u0161enim dodatkom svakom prostoru koji njeguje toplinu, jednostavnost i autenti\u010dan mediteranski stil. Promjer od 25 cm pru\u017ea dovoljno prostora za serviranje salata, vo\u0107a, kruha, predjela ili dekorativnih aran\u017emana.<\/p>\n<h3><strong>Prednosti<\/strong><\/h3>\n<ul>\n<li>Kvalitetna i izdr\u017eljiva keramika<\/li>\n<li>Mediteranski dizajn inspiriran maslinom<\/li>\n<li>Idealna veli\u010dina za serviranje raznih jela<\/li>\n<li>\n<h2>Elegantna i prakti\u010dna za dom, restorane ili poklon pakete<\/h2>\n<\/li>\n<\/ul>","protected":false},"excerpt":{"rendered":"<p><strong>Olivo posuda 25 cm<\/strong> je elegantna, ru\u010dno oblikovana kerami\u010dka posuda inspirirana mediteranskim linijama, savr\u0161ena za serviranje salata, vo\u0107a, kruha i dekorativnih prezentacija.<\/p>\n<h2><\/h2>","protected":false},"featured_media":2675,"comment_status":"open","ping_status":"closed","template":"","meta":{"site-sidebar-layout":"default","site-content-layout":"","ast-site-content-layout":"default","site-content-style":"default","site-sidebar-style":"default","ast-global-header-display":"","ast-banner-title-visibility":"","ast-main-header-display":"","ast-hfb-above-header-display":"","ast-hfb-below-header-display":"","ast-hfb-mobile-header-display":"","site-post-title":"","ast-breadcrumbs-content":"","ast-featured-img":"","footer-sml-layout":"","ast-disable-related-posts":"","theme-transparent-header-meta":"default","adv-header-id-meta":"","stick-header-meta":"","header-above-stick-meta":"","header-main-stick-meta":"","header-below-stick-meta":"","astra-migrate-meta-layouts":"set","ast-page-background-enabled":"default","ast-page-background-meta":{"desktop":{"background-color":"","background-image":"","background-repeat":"repeat","background-position":"center center","background-size":"auto","background-attachment":"scroll","background-type":"","background-media":"","overlay-type":"","overlay-color":"","overlay-opacity":"","overlay-gradient":""},"tablet":{"background-color":"","background-image":"","background-repeat":"repeat","background-position":"center center","background-size":"auto","background-attachment":"scroll","background-type":"","background-media":"","overlay-type":"","overlay-color":"","overlay-opacity":"","overlay-gradient":""},"mobile":{"background-color":"","background-image":"","background-repeat":"repeat","background-position":"center center","background-size":"auto","background-attachment":"scroll","background-type":"","background-media":"","overlay-type":"","overlay-color":"","overlay-opacity":"","overlay-gradient":""}},"ast-content-background-meta":{"desktop":{"background-color":"var(--ast-global-color-5)","background-image":"","background-repeat":"repeat","background-position":"center center","background-size":"auto","background-attachment":"scroll","background-type":"","background-media":"","overlay-type":"","overlay-color":"","overlay-opacity":"","overlay-gradient":""},"tablet":{"background-color":"var(--ast-global-color-5)","background-image":"","background-repeat":"repeat","background-position":"center center","background-size":"auto","background-attachment":"scroll","background-type":"","background-media":"","overlay-type":"","overlay-color":"","overlay-opacity":"","overlay-gradient":""},"mobile":{"background-color":"var(--ast-global-color-5)","background-image":"","background-repeat":"repeat","background-position":"center center","background-size":"auto","background-attachment":"scroll","background-type":"","background-media":"","overlay-type":"","overlay-color":"","overlay-opacity":"","overlay-gradient":""}}},"product_brand":[],"product_cat":[53],"product_tag":[],"class_list":{"0":"post-2674","1":"product","2":"type-product","3":"status-publish","4":"has-post-thumbnail","6":"product_cat-suveniri-od-maslinovog-drveta","7":"desktop-align-left","8":"tablet-align-left","9":"mobile-align-left","11":"first","12":"instock","13":"taxable","14":"shipping-taxable","15":"purchasable","16":"product-type-simple"},"jetpack_sharing_enabled":true,"_links":{"self":[{"href":"https:\/\/skola.hvarlocalguide.com\/en\/wp-json\/wp\/v2\/product\/2674","targetHints":{"allow":["GET"]}}],"collection":[{"href":"https:\/\/skola.hvarlocalguide.com\/en\/wp-json\/wp\/v2\/product"}],"about":[{"href":"https:\/\/skola.hvarlocalguide.com\/en\/wp-json\/wp\/v2\/types\/product"}],"replies":[{"embeddable":true,"href":"https:\/\/skola.hvarlocalguide.com\/en\/wp-json\/wp\/v2\/comments?post=2674"}],"wp:featuredmedia":[{"embeddable":true,"href":"https:\/\/skola.hvarlocalguide.com\/en\/wp-json\/wp\/v2\/media\/2675"}],"wp:attachment":[{"href":"https:\/\/skola.hvarlocalguide.com\/en\/wp-json\/wp\/v2\/media?parent=2674"}],"wp:term":[{"taxonomy":"product_brand","embeddable":true,"href":"https:\/\/skola.hvarlocalguide.com\/en\/wp-json\/wp\/v2\/product_brand?post=2674"},{"taxonomy":"product_cat","embeddable":true,"href":"https:\/\/skola.hvarlocalguide.com\/en\/wp-json\/wp\/v2\/product_cat?post=2674"},{"taxonomy":"product_tag","embeddable":true,"href":"https:\/\/skola.hvarlocalguide.com\/en\/wp-json\/wp\/v2\/product_tag?post=2674"}],"curies":[{"name":"wp","href":"https:\/\/api.w.org\/{rel}","templated":true}]}}